{"id":58,"date":"2019-09-16T14:57:12","date_gmt":"2019-09-16T12:57:12","guid":{"rendered":"http:\/\/relaunch2020.nuilab.com\/?page_id=58"},"modified":"2020-03-18T11:08:46","modified_gmt":"2020-03-18T10:08:46","slug":"unsere-loesung-fuer-ihren-produktbereich","status":"publish","type":"page","link":"https:\/\/nuilab.com\/de\/unsere-loesung-fuer-ihren-produktbereich\/","title":{"rendered":"die passende L\u00f6sung f\u00fcr Ihr Produkt"},"content":{"rendered":"","protected":false},"excerpt":{"rendered":"","protected":false},"author":1,"featured_media":0,"parent":0,"menu_order":0,"comment_status":"closed","ping_status":"closed","template":"","meta":{"advgb_blocks_editor_width":"","advgb_blocks_columns_visual_guide":"","inline_featured_image":false},"seitensektion":[14],"acf":[],"yoast_head":"<!-- This site is optimized with the Yoast SEO plugin v20.5 - https:\/\/yoast.com\/wordpress\/plugins\/seo\/ -->\n<title>nuilab - die beste L\u00f6sung zur Integration haptischer Systeme in Ihr Produkt<\/title>\n<meta name=\"description\" content=\"Wir entwickeln die passende L\u00f6sungen f\u00fcr Ihr Produkt. Entsprechen Ihren Vorstellungen und perfekt abgestimmt auf die jeweilige Bediensituation.\" \/>\n<meta name=\"robots\" content=\"index, follow, max-snippet:-1, max-image-preview:large, max-video-preview:-1\" \/>\n<link rel=\"canonical\" href=\"https:\/\/nuilab.com\/de\/unsere-loesung-fuer-ihren-produktbereich\/\" \/>\n<meta property=\"og:locale\" content=\"de_DE\" \/>\n<meta property=\"og:type\" content=\"article\" \/>\n<meta property=\"og:title\" content=\"nuilab - die beste L\u00f6sung zur Integration haptischer Systeme in Ihr Produkt\" \/>\n<meta property=\"og:description\" content=\"Wir entwickeln die passende L\u00f6sungen f\u00fcr Ihr Produkt. Entsprechen Ihren Vorstellungen und perfekt abgestimmt auf die jeweilige Bediensituation.\" \/>\n<meta property=\"og:url\" content=\"https:\/\/nuilab.com\/de\/unsere-loesung-fuer-ihren-produktbereich\/\" \/>\n<meta property=\"og:site_name\" content=\"nuilab\" \/>\n<meta property=\"article:modified_time\" content=\"2020-03-18T10:08:46+00:00\" \/>\n<meta name=\"twitter:card\" content=\"summary_large_image\" \/>\n<script type=\"application\/ld+json\" class=\"yoast-schema-graph\">{\"@context\":\"https:\/\/schema.org\",\"@graph\":[{\"@type\":\"WebPage\",\"@id\":\"https:\/\/nuilab.com\/de\/unsere-loesung-fuer-ihren-produktbereich\/\",\"url\":\"https:\/\/nuilab.com\/de\/unsere-loesung-fuer-ihren-produktbereich\/\",\"name\":\"nuilab - die beste L\u00f6sung zur Integration haptischer Systeme in Ihr Produkt\",\"isPartOf\":{\"@id\":\"https:\/\/nuilab.com\/#website\"},\"datePublished\":\"2019-09-16T12:57:12+00:00\",\"dateModified\":\"2020-03-18T10:08:46+00:00\",\"description\":\"Wir entwickeln die passende L\u00f6sungen f\u00fcr Ihr Produkt. Entsprechen Ihren Vorstellungen und perfekt abgestimmt auf die jeweilige Bediensituation.\",\"breadcrumb\":{\"@id\":\"https:\/\/nuilab.com\/de\/unsere-loesung-fuer-ihren-produktbereich\/#breadcrumb\"},\"inLanguage\":\"de\",\"potentialAction\":[{\"@type\":\"ReadAction\",\"target\":[\"https:\/\/nuilab.com\/de\/unsere-loesung-fuer-ihren-produktbereich\/\"]}]},{\"@type\":\"BreadcrumbList\",\"@id\":\"https:\/\/nuilab.com\/de\/unsere-loesung-fuer-ihren-produktbereich\/#breadcrumb\",\"itemListElement\":[{\"@type\":\"ListItem\",\"position\":1,\"name\":\"Startseite\",\"item\":\"https:\/\/nuilab.com\/de\/beispiel-seite\/\"},{\"@type\":\"ListItem\",\"position\":2,\"name\":\"die passende L\u00f6sung f\u00fcr Ihr Produkt\"}]},{\"@type\":\"WebSite\",\"@id\":\"https:\/\/nuilab.com\/#website\",\"url\":\"https:\/\/nuilab.com\/\",\"name\":\"nuilab\",\"description\":\"\",\"publisher\":{\"@id\":\"https:\/\/nuilab.com\/#organization\"},\"potentialAction\":[{\"@type\":\"SearchAction\",\"target\":{\"@type\":\"EntryPoint\",\"urlTemplate\":\"https:\/\/nuilab.com\/?s={search_term_string}\"},\"query-input\":\"required name=search_term_string\"}],\"inLanguage\":\"de\"},{\"@type\":\"Organization\",\"@id\":\"https:\/\/nuilab.com\/#organization\",\"name\":\"nuilab gmbh\",\"url\":\"https:\/\/nuilab.com\/\",\"logo\":{\"@type\":\"ImageObject\",\"inLanguage\":\"de\",\"@id\":\"https:\/\/nuilab.com\/#\/schema\/logo\/image\/\",\"url\":\"https:\/\/nuilab.com\/wp-content\/uploads\/2020\/03\/nuilab.png\",\"contentUrl\":\"https:\/\/nuilab.com\/wp-content\/uploads\/2020\/03\/nuilab.png\",\"width\":331,\"height\":1104,\"caption\":\"nuilab gmbh\"},\"image\":{\"@id\":\"https:\/\/nuilab.com\/#\/schema\/logo\/image\/\"}}]}<\/script>\n<!-- \/ Yoast SEO plugin. -->","yoast_head_json":{"title":"nuilab - die beste L\u00f6sung zur Integration haptischer Systeme in Ihr Produkt","description":"Wir entwickeln die passende L\u00f6sungen f\u00fcr Ihr Produkt. Entsprechen Ihren Vorstellungen und perfekt abgestimmt auf die jeweilige Bediensituation.","robots":{"index":"index","follow":"follow","max-snippet":"max-snippet:-1","max-image-preview":"max-image-preview:large","max-video-preview":"max-video-preview:-1"},"canonical":"https:\/\/nuilab.com\/de\/unsere-loesung-fuer-ihren-produktbereich\/","og_locale":"de_DE","og_type":"article","og_title":"nuilab - die beste L\u00f6sung zur Integration haptischer Systeme in Ihr Produkt","og_description":"Wir entwickeln die passende L\u00f6sungen f\u00fcr Ihr Produkt. Entsprechen Ihren Vorstellungen und perfekt abgestimmt auf die jeweilige Bediensituation.","og_url":"https:\/\/nuilab.com\/de\/unsere-loesung-fuer-ihren-produktbereich\/","og_site_name":"nuilab","article_modified_time":"2020-03-18T10:08:46+00:00","twitter_card":"summary_large_image","schema":{"@context":"https:\/\/schema.org","@graph":[{"@type":"WebPage","@id":"https:\/\/nuilab.com\/de\/unsere-loesung-fuer-ihren-produktbereich\/","url":"https:\/\/nuilab.com\/de\/unsere-loesung-fuer-ihren-produktbereich\/","name":"nuilab - die beste L\u00f6sung zur Integration haptischer Systeme in Ihr Produkt","isPartOf":{"@id":"https:\/\/nuilab.com\/#website"},"datePublished":"2019-09-16T12:57:12+00:00","dateModified":"2020-03-18T10:08:46+00:00","description":"Wir entwickeln die passende L\u00f6sungen f\u00fcr Ihr Produkt. Entsprechen Ihren Vorstellungen und perfekt abgestimmt auf die jeweilige Bediensituation.","breadcrumb":{"@id":"https:\/\/nuilab.com\/de\/unsere-loesung-fuer-ihren-produktbereich\/#breadcrumb"},"inLanguage":"de","potentialAction":[{"@type":"ReadAction","target":["https:\/\/nuilab.com\/de\/unsere-loesung-fuer-ihren-produktbereich\/"]}]},{"@type":"BreadcrumbList","@id":"https:\/\/nuilab.com\/de\/unsere-loesung-fuer-ihren-produktbereich\/#breadcrumb","itemListElement":[{"@type":"ListItem","position":1,"name":"Startseite","item":"https:\/\/nuilab.com\/de\/beispiel-seite\/"},{"@type":"ListItem","position":2,"name":"die passende L\u00f6sung f\u00fcr Ihr Produkt"}]},{"@type":"WebSite","@id":"https:\/\/nuilab.com\/#website","url":"https:\/\/nuilab.com\/","name":"nuilab","description":"","publisher":{"@id":"https:\/\/nuilab.com\/#organization"},"potentialAction":[{"@type":"SearchAction","target":{"@type":"EntryPoint","urlTemplate":"https:\/\/nuilab.com\/?s={search_term_string}"},"query-input":"required name=search_term_string"}],"inLanguage":"de"},{"@type":"Organization","@id":"https:\/\/nuilab.com\/#organization","name":"nuilab gmbh","url":"https:\/\/nuilab.com\/","logo":{"@type":"ImageObject","inLanguage":"de","@id":"https:\/\/nuilab.com\/#\/schema\/logo\/image\/","url":"https:\/\/nuilab.com\/wp-content\/uploads\/2020\/03\/nuilab.png","contentUrl":"https:\/\/nuilab.com\/wp-content\/uploads\/2020\/03\/nuilab.png","width":331,"height":1104,"caption":"nuilab gmbh"},"image":{"@id":"https:\/\/nuilab.com\/#\/schema\/logo\/image\/"}}]}},"coauthors":[],"author_meta":{"author_link":"https:\/\/nuilab.com\/de\/author\/nuiadmin\/","display_name":"nuiAdmin"},"relative_dates":{"created":"Posted 7\u00a0Jahren ago","modified":"Updated 6\u00a0Jahren ago"},"absolute_dates":{"created":"Posted on 16. September 2019","modified":"Updated on 18. M\u00e4rz 2020"},"absolute_dates_time":{"created":"Posted on 16. September 2019 14:57","modified":"Updated on 18. M\u00e4rz 2020 11:08"},"featured_img_caption":"","featured_img":false,"series_order":"","meta_box":[],"_links":{"self":[{"href":"https:\/\/nuilab.com\/de\/wp-json\/wp\/v2\/pages\/58"}],"collection":[{"href":"https:\/\/nuilab.com\/de\/wp-json\/wp\/v2\/pages"}],"about":[{"href":"https:\/\/nuilab.com\/de\/wp-json\/wp\/v2\/types\/page"}],"author":[{"embeddable":true,"href":"https:\/\/nuilab.com\/de\/wp-json\/wp\/v2\/users\/1"}],"replies":[{"embeddable":true,"href":"https:\/\/nuilab.com\/de\/wp-json\/wp\/v2\/comments?post=58"}],"version-history":[{"count":14,"href":"https:\/\/nuilab.com\/de\/wp-json\/wp\/v2\/pages\/58\/revisions"}],"predecessor-version":[{"id":874,"href":"https:\/\/nuilab.com\/de\/wp-json\/wp\/v2\/pages\/58\/revisions\/874"}],"wp:attachment":[{"href":"https:\/\/nuilab.com\/de\/wp-json\/wp\/v2\/media?parent=58"}],"wp:term":[{"taxonomy":"seitensektion","embeddable":true,"href":"https:\/\/nuilab.com\/de\/wp-json\/wp\/v2\/seitensektion?post=58"}],"curies":[{"name":"wp","href":"https:\/\/api.w.org\/{rel}","templated":true}]}}